{"id":11419,"date":"2023-01-18T12:27:29","date_gmt":"2023-01-18T11:27:29","guid":{"rendered":"https:\/\/z-web.de\/News\/liste1\/"},"modified":"2023-01-18T14:21:59","modified_gmt":"2023-01-18T13:21:59","slug":"liste1","status":"publish","type":"page","link":"https:\/\/z-web.de\/News\/liste1\/","title":{"rendered":"Liste1"},"content":{"rendered":"\n<div class=\"wrap plugin-container\">\n\n\t\n\t\n\t<div class=\"vri-page-content\">\n\t<h3 class=\"vriclistheadt\">Elektromobile bis 6 km\/h<\/h3>\n\t\t\t<div class=\"vricatdescr\">\n\t\t\tElektromobile bis 6 km\/h\t\t<\/div>\n\t\t\t<div class=\"vrilistcontainer\">\n\t\t<div class=\"vri-list-item-block\">\n\t\t\t<div class=\"vri-list-item-inner\">\n\t\t\t\t\t\t\t<div class=\"vri-list-item-img\">\n\t\t\t\t\t<img decoding=\"async\" src=\"https:\/\/z-web.de\/News\/wp-content\/plugins\/vikrentitems\/admin\/resources\/vthumb_r_kolja1.png\" alt=\"\" class=\"vrilistimg\"\/>\n\t\t\t\t<\/div>\n\t\t\t\t\t\t\t\t<div class=\"vri-list-item-descr\">\n\t\t\t\t\t<span class=\"vrilistitemname\">E-Mobil 6 km\/h Kolja<\/span>\n\t\t\t\t\t<span class=\"vrilistitemcat\">Elektromobile bis 6 km\/h<\/span>\n\t\t\t\t\t<div class=\"vrilistitemdescr\">\n\t\t\t\t\t\t<p>Der Kolja HMV wurde extra so konzipiert, dass er f\u00fcr die Bef\u00f6rderung in Bussen geeignet ist. Bei diesem Modell ist eine Kosten\u00fcbernahme \u00fcber die Krankenkasse m\u00f6glich. Mit seiner L\u00e4nge von nur 1190 mm ist der Kolja in jeder Situation der passende Begleiter und passt sogar fast in jeden Fahrstuhl. <\/p>\n\t\t\t\t\t<\/div>\n\t\t\t\t\t\t\t\t\t<div class=\"vrilistitemcarats\"><ul class=\"vriulcarats\">\n<li>solange Verf\u00fcgbar...<\/li>\n<\/ul>\n<\/div>\n\t\t\t\t\t\t\t\t\t<\/div>\n\t\t\t<\/div>\n\t\t\t<div class=\"vri-list-item-cont\">\n\t\t\t\t<div class=\"vrilistcostdivcont\">\n\t\t\t\t\t\t\t\t\t\t<div class=\"vrilistdivcost\">\n\t\t\t\t\t\t<span class=\"vriliststartfrom\">Preis ab<\/span>\n\t\t\t\t\t\t<span class=\"item_cost\">\u20ac 19,00<\/span>\n\t\t\t\t\t\t<span class=\"vriliststartfromtext\">pro Tag<\/span>\n\t\t\t\t\t<\/div>\n\t\t\t\t\t\t\t\t\t\t<span class=\"vrilistgoonlist\"><a href=\"https:\/\/z-web.de\/News\/liste1\/?option=com_vikrentitems&amp;view=itemdetails&amp;elemid=1\">Zeige Details<\/a><\/span>\n\t\t\t\t<\/div>\n\t\t\t<\/div>\n\t\t<\/div>\n\t\t<\/div>\n\n<\/div>\n\n<\/div>\n\n","protected":false},"excerpt":{"rendered":"","protected":false},"author":1,"featured_media":0,"parent":0,"menu_order":0,"comment_status":"closed","ping_status":"closed","template":"","meta":{"footnotes":""},"categories":[],"tags":[],"class_list":["post-11419","page","type-page","status-publish","hentry"],"_links":{"self":[{"href":"https:\/\/z-web.de\/News\/wp-json\/wp\/v2\/pages\/11419","targetHints":{"allow":["GET"]}}],"collection":[{"href":"https:\/\/z-web.de\/News\/wp-json\/wp\/v2\/pages"}],"about":[{"href":"https:\/\/z-web.de\/News\/wp-json\/wp\/v2\/types\/page"}],"author":[{"embeddable":true,"href":"https:\/\/z-web.de\/News\/wp-json\/wp\/v2\/users\/1"}],"replies":[{"embeddable":true,"href":"https:\/\/z-web.de\/News\/wp-json\/wp\/v2\/comments?post=11419"}],"version-history":[{"count":1,"href":"https:\/\/z-web.de\/News\/wp-json\/wp\/v2\/pages\/11419\/revisions"}],"predecessor-version":[{"id":11422,"href":"https:\/\/z-web.de\/News\/wp-json\/wp\/v2\/pages\/11419\/revisions\/11422"}],"wp:attachment":[{"href":"https:\/\/z-web.de\/News\/wp-json\/wp\/v2\/media?parent=11419"}],"wp:term":[{"taxonomy":"category","embeddable":true,"href":"https:\/\/z-web.de\/News\/wp-json\/wp\/v2\/categories?post=11419"},{"taxonomy":"post_tag","embeddable":true,"href":"https:\/\/z-web.de\/News\/wp-json\/wp\/v2\/tags?post=11419"}],"curies":[{"name":"wp","href":"https:\/\/api.w.org\/{rel}","templated":true}]}}