{"id":11421,"date":"2023-01-18T12:29:56","date_gmt":"2023-01-18T11:29:56","guid":{"rendered":"https:\/\/z-web.de\/News\/liste-artikel\/"},"modified":"2023-03-02T11:21:53","modified_gmt":"2023-03-02T10:21:53","slug":"liste-artikel","status":"publish","type":"page","link":"https:\/\/z-web.de\/News\/liste-artikel\/","title":{"rendered":"Liste Artikel"},"content":{"rendered":"<p>Den gew\u00fcnschten Artikel k\u00f6nnen Sie (auf der Detailseite unter dem Verf\u00fcgbarkeitskalender) direkt buchen.<\/p>\n<p><em><strong>Bei Vorlage der Nordsee Service Card bei der Abholung erhalten Sie 1,- \u20ac Rabatt je Ausleihtag.<br \/>\n(Abholtag + R\u00fcckgabetag z\u00e4hlen als Ausleihtag !!!)<\/strong><\/em><\/p>\n<hr \/>\n\n<div class=\"wrap plugin-container\">\n\n\t\n\t\n\t<div class=\"vri-page-content\">\n<h3 class=\"vri-page-head-title\">eMobile Carolinensiel<\/h3>\t<div class=\"vrilistcontainer\">\n\t\t<div class=\"vri-list-item-block\">\n\t\t\t<div class=\"vri-list-item-inner\">\n\t\t\t\t\t\t\t<div class=\"vri-list-item-descr\">\n\t\t\t\t\t<span class=\"vrilistitemname\">Stockhalter<\/span>\n\t\t\t\t\t<span class=\"vrilistitemcat\">Zubeh\u00f6r<\/span>\n\t\t\t\t\t<div class=\"vrilistitemdescr\">\n\t\t\t\t\t\t\t\t\t\t\t<\/div>\n\t\t\t\t\t\t\t\t\t<div class=\"vrilistitemcarats\"><ul class=\"vriulcarats\">\n<li>solange Verf\u00fcgbar...<\/li>\n<\/ul>\n<\/div>\n\t\t\t\t\t\t\t\t\t<\/div>\n\t\t\t<\/div>\n\t\t\t<div class=\"vri-list-item-cont\">\n\t\t\t\t<div class=\"vrilistcostdivcont\">\n\t\t\t\t\t\t\t\t\t\t<span class=\"vrilistgoonlist\"><a href=\"https:\/\/z-web.de\/News\/liste-artikel\/?option=com_vikrentitems&amp;view=itemdetails&amp;elemid=4\">Zeige Details<\/a><\/span>\n\t\t\t\t<\/div>\n\t\t\t<\/div>\n\t\t<\/div>\n\t\t\t<div class=\"vri-list-item-block\">\n\t\t\t<div class=\"vri-list-item-inner\">\n\t\t\t\t\t\t\t<div class=\"vri-list-item-descr\">\n\t\t\t\t\t<span class=\"vrilistitemname\">Decke<\/span>\n\t\t\t\t\t<span class=\"vrilistitemcat\">Zubeh\u00f6r<\/span>\n\t\t\t\t\t<div class=\"vrilistitemdescr\">\n\t\t\t\t\t\t<p>Wolldecke<\/p>\n\t\t\t\t\t<\/div>\n\t\t\t\t\t\t\t\t\t<div class=\"vrilistitemcarats\"><ul class=\"vriulcarats\">\n<li>solange Verf\u00fcgbar...<\/li>\n<\/ul>\n<\/div>\n\t\t\t\t\t\t\t\t\t<\/div>\n\t\t\t<\/div>\n\t\t\t<div class=\"vri-list-item-cont\">\n\t\t\t\t<div class=\"vrilistcostdivcont\">\n\t\t\t\t\t\t\t\t\t\t<span class=\"vrilistgoonlist\"><a href=\"https:\/\/z-web.de\/News\/liste-artikel\/?option=com_vikrentitems&amp;view=itemdetails&amp;elemid=5\">Zeige Details<\/a><\/span>\n\t\t\t\t<\/div>\n\t\t\t<\/div>\n\t\t<\/div>\n\t\t\t<div class=\"vri-list-item-block\">\n\t\t\t<div class=\"vri-list-item-inner\">\n\t\t\t\t\t\t\t<div class=\"vri-list-item-descr\">\n\t\t\t\t\t<span class=\"vrilistitemname\">Verl\u00e4ngerungskabel<\/span>\n\t\t\t\t\t<span class=\"vrilistitemcat\">Zubeh\u00f6r<\/span>\n\t\t\t\t\t<div class=\"vrilistitemdescr\">\n\t\t\t\t\t\t\t\t\t\t\t<\/div>\n\t\t\t\t\t\t\t\t\t<div class=\"vrilistitemcarats\"><ul class=\"vriulcarats\">\n<li>solange Verf\u00fcgbar...<\/li>\n<\/ul>\n<\/div>\n\t\t\t\t\t\t\t\t\t<\/div>\n\t\t\t<\/div>\n\t\t\t<div class=\"vri-list-item-cont\">\n\t\t\t\t<div class=\"vrilistcostdivcont\">\n\t\t\t\t\t\t\t\t\t\t<div class=\"vrilistdivcost\">\n\t\t\t\t\t\t<span class=\"vriliststartfrom\">Preis ab<\/span>\n\t\t\t\t\t\t<span class=\"item_cost\">\u20ac 0,00<\/span>\n\t\t\t\t\t\t<span class=\"vriliststartfromtext\">per Hour<\/span>\n\t\t\t\t\t<\/div>\n\t\t\t\t\t\t\t\t\t\t<span class=\"vrilistgoonlist\"><a href=\"https:\/\/z-web.de\/News\/liste-artikel\/?option=com_vikrentitems&amp;view=itemdetails&amp;elemid=9\">Zeige Details<\/a><\/span>\n\t\t\t\t<\/div>\n\t\t\t<\/div>\n\t\t<\/div>\n\t\t\t<div class=\"vri-list-item-block\">\n\t\t\t<div class=\"vri-list-item-inner\">\n\t\t\t\t\t\t\t<div class=\"vri-list-item-descr\">\n\t\t\t\t\t<span class=\"vrilistitemname\">Abdeckplane<\/span>\n\t\t\t\t\t<span class=\"vrilistitemcat\">Zubeh\u00f6r<\/span>\n\t\t\t\t\t<div class=\"vrilistitemdescr\">\n\t\t\t\t\t\t\t\t\t\t\t<\/div>\n\t\t\t\t\t\t\t\t<\/div>\n\t\t\t<\/div>\n\t\t\t<div class=\"vri-list-item-cont\">\n\t\t\t\t<div class=\"vrilistcostdivcont\">\n\t\t\t\t\t\t\t\t\t\t<div class=\"vrilistdivcost\">\n\t\t\t\t\t\t<span class=\"vriliststartfrom\">Preis ab<\/span>\n\t\t\t\t\t\t<span class=\"item_cost\">\u20ac 5,00<\/span>\n\t\t\t\t\t\t<span class=\"vriliststartfromtext\">per Hour<\/span>\n\t\t\t\t\t<\/div>\n\t\t\t\t\t\t\t\t\t\t<span class=\"vrilistgoonlist\"><a href=\"https:\/\/z-web.de\/News\/liste-artikel\/?option=com_vikrentitems&amp;view=itemdetails&amp;elemid=10\">Zeige Details<\/a><\/span>\n\t\t\t\t<\/div>\n\t\t\t<\/div>\n\t\t<\/div>\n\t\t\t<div class=\"vri-list-item-block\">\n\t\t\t<div class=\"vri-list-item-inner\">\n\t\t\t\t\t\t\t<div class=\"vri-list-item-descr\">\n\t\t\t\t\t<span class=\"vrilistitemname\">Rollstuhl<\/span>\n\t\t\t\t\t<span class=\"vrilistitemcat\">Rollstuhl<\/span>\n\t\t\t\t\t<div class=\"vrilistitemdescr\">\n\t\t\t\t\t\t\t\t\t\t\t<\/div>\n\t\t\t\t\t\t\t\t<\/div>\n\t\t\t<\/div>\n\t\t\t<div class=\"vri-list-item-cont\">\n\t\t\t\t<div class=\"vrilistcostdivcont\">\n\t\t\t\t\t\t\t\t\t\t<div class=\"vrilistdivcost\">\n\t\t\t\t\t\t<span class=\"vriliststartfrom\">Preis ab<\/span>\n\t\t\t\t\t\t<span class=\"item_cost\">\u20ac 10,00<\/span>\n\t\t\t\t\t\t<span class=\"vriliststartfromtext\">per Hour<\/span>\n\t\t\t\t\t<\/div>\n\t\t\t\t\t\t\t\t\t\t<span class=\"vrilistgoonlist\"><a href=\"https:\/\/z-web.de\/News\/liste-artikel\/?option=com_vikrentitems&amp;view=itemdetails&amp;elemid=6\">Zeige Details<\/a><\/span>\n\t\t\t\t<\/div>\n\t\t\t<\/div>\n\t\t<\/div>\n\t\t\t<div class=\"vri-list-item-block\">\n\t\t\t<div class=\"vri-list-item-inner\">\n\t\t\t\t\t\t\t<div class=\"vri-list-item-img\">\n\t\t\t\t\t<img decoding=\"async\" src=\"https:\/\/z-web.de\/News\/wp-content\/plugins\/vikrentitems\/admin\/resources\/vthumb_apex_lite.png\" alt=\"\" class=\"vrilistimg\"\/>\n\t\t\t\t<\/div>\n\t\t\t\t\t\t\t\t<div class=\"vri-list-item-descr\">\n\t\t\t\t\t<span class=\"vrilistitemname\">E-Mobil 6 km\/h Faltbar<\/span>\n\t\t\t\t\t<span class=\"vrilistitemcat\">Elektromobile 6 km\/h - Faltbar<\/span>\n\t\t\t\t\t<div class=\"vrilistitemdescr\">\n\t\t\t\t\t\t<p>Apex Lite<\/p>\n\t\t\t\t\t<\/div>\n\t\t\t\t\t\t\t\t\t<div class=\"vrilistitemcarats\"><ul class=\"vriulcarats\">\n<li>Zerlegbar - Transport im Kofferraum<\/li>\n<li>solange Verf\u00fcgbar...<\/li>\n<\/ul>\n<\/div>\n\t\t\t\t\t\t\t\t\t<\/div>\n\t\t\t<\/div>\n\t\t\t<div class=\"vri-list-item-cont\">\n\t\t\t\t<div class=\"vrilistcostdivcont\">\n\t\t\t\t\t\t\t\t\t\t<div class=\"vrilistdivcost\">\n\t\t\t\t\t\t<span class=\"vriliststartfrom\">Preis ab<\/span>\n\t\t\t\t\t\t<span class=\"item_cost\">\u20ac 16,00<\/span>\n\t\t\t\t\t\t<span class=\"vriliststartfromtext\">pro Tag<\/span>\n\t\t\t\t\t<\/div>\n\t\t\t\t\t\t\t\t\t\t<span class=\"vrilistgoonlist\"><a href=\"https:\/\/z-web.de\/News\/liste-artikel\/?option=com_vikrentitems&amp;view=itemdetails&amp;elemid=3\">Zeige Details<\/a><\/span>\n\t\t\t\t<\/div>\n\t\t\t<\/div>\n\t\t<\/div>\n\t\t\t<div class=\"vri-list-item-block\">\n\t\t\t<div class=\"vri-list-item-inner\">\n\t\t\t\t\t\t\t<div class=\"vri-list-item-img\">\n\t\t\t\t\t<img decoding=\"async\" src=\"https:\/\/z-web.de\/News\/wp-content\/plugins\/vikrentitems\/admin\/resources\/vthumb_r_kolja1.png\" alt=\"\" class=\"vrilistimg\"\/>\n\t\t\t\t<\/div>\n\t\t\t\t\t\t\t\t<div class=\"vri-list-item-descr\">\n\t\t\t\t\t<span class=\"vrilistitemname\">E-Mobil 6 km\/h Kolja<\/span>\n\t\t\t\t\t<span class=\"vrilistitemcat\">Elektromobile bis 6 km\/h<\/span>\n\t\t\t\t\t<div class=\"vrilistitemdescr\">\n\t\t\t\t\t\t<p>Der Kolja HMV wurde extra so konzipiert, dass er f\u00fcr die Bef\u00f6rderung in Bussen geeignet ist. Bei diesem Modell ist eine Kosten\u00fcbernahme \u00fcber die Krankenkasse m\u00f6glich. Mit seiner L\u00e4nge von nur 1190 mm ist der Kolja in jeder Situation der passende Begleiter und passt sogar fast in jeden Fahrstuhl. <\/p>\n\t\t\t\t\t<\/div>\n\t\t\t\t\t\t\t\t\t<div class=\"vrilistitemcarats\"><ul class=\"vriulcarats\">\n<li>solange Verf\u00fcgbar...<\/li>\n<\/ul>\n<\/div>\n\t\t\t\t\t\t\t\t\t<\/div>\n\t\t\t<\/div>\n\t\t\t<div class=\"vri-list-item-cont\">\n\t\t\t\t<div class=\"vrilistcostdivcont\">\n\t\t\t\t\t\t\t\t\t\t<div class=\"vrilistdivcost\">\n\t\t\t\t\t\t<span class=\"vriliststartfrom\">Preis ab<\/span>\n\t\t\t\t\t\t<span class=\"item_cost\">\u20ac 19,00<\/span>\n\t\t\t\t\t\t<span class=\"vriliststartfromtext\">pro Tag<\/span>\n\t\t\t\t\t<\/div>\n\t\t\t\t\t\t\t\t\t\t<span class=\"vrilistgoonlist\"><a href=\"https:\/\/z-web.de\/News\/liste-artikel\/?option=com_vikrentitems&amp;view=itemdetails&amp;elemid=1\">Zeige Details<\/a><\/span>\n\t\t\t\t<\/div>\n\t\t\t<\/div>\n\t\t<\/div>\n\t\t\t<div class=\"vri-list-item-block\">\n\t\t\t<div class=\"vri-list-item-inner\">\n\t\t\t\t\t\t\t<div class=\"vri-list-item-img\">\n\t\t\t\t\t<img decoding=\"async\" src=\"https:\/\/z-web.de\/News\/wp-content\/plugins\/vikrentitems\/admin\/resources\/vthumb_kolja-elite-gallerij.jpg\" alt=\"\" class=\"vrilistimg\"\/>\n\t\t\t\t<\/div>\n\t\t\t\t\t\t\t\t<div class=\"vri-list-item-descr\">\n\t\t\t\t\t<span class=\"vrilistitemname\">e-Mobil 15 km\/h \/ Elite<\/span>\n\t\t\t\t\t<span class=\"vrilistitemcat\">Elektromobile bis 15 km\/h<\/span>\n\t\t\t\t\t<div class=\"vrilistitemdescr\">\n\t\t\t\t\t\t<p>Das Elite Modell der beliebten Kola Reihe verbindet modernes Design mit einer hohen Reichweite. Da 15 km\/h Modell ist der Blickfang der Kolja Familie.<\/p>\n\t\t\t\t\t<\/div>\n\t\t\t\t\t\t\t\t\t<div class=\"vrilistitemcarats\"><ul class=\"vriulcarats\">\n<li>solange Verf\u00fcgbar...<\/li>\n<\/ul>\n<\/div>\n\t\t\t\t\t\t\t\t\t<\/div>\n\t\t\t<\/div>\n\t\t\t<div class=\"vri-list-item-cont\">\n\t\t\t\t<div class=\"vrilistcostdivcont\">\n\t\t\t\t\t\t\t\t\t\t<div class=\"vrilistdivcost\">\n\t\t\t\t\t\t<span class=\"vriliststartfrom\">Preis ab<\/span>\n\t\t\t\t\t\t<span class=\"item_cost\">\u20ac 22,00<\/span>\n\t\t\t\t\t\t<span class=\"vriliststartfromtext\">pro Tag<\/span>\n\t\t\t\t\t<\/div>\n\t\t\t\t\t\t\t\t\t\t<span class=\"vrilistgoonlist\"><a href=\"https:\/\/z-web.de\/News\/liste-artikel\/?option=com_vikrentitems&amp;view=itemdetails&amp;elemid=2\">Zeige Details<\/a><\/span>\n\t\t\t\t<\/div>\n\t\t\t<\/div>\n\t\t<\/div>\n\t\t<\/div>\n\n<\/div>\n\n<\/div>\n\n","protected":false},"excerpt":{"rendered":"<p>Den gew\u00fcnschten Artikel k\u00f6nnen Sie (auf der Detailseite unter dem Verf\u00fcgbarkeitskalender) direkt buchen. Bei Vorlage der Nordsee Service Card bei der Abholung erhalten Sie 1,- \u20ac Rabatt je Ausleihtag. (Abholtag + R\u00fcckgabetag z\u00e4hlen als Ausleihtag !!!)<\/p>\n","protected":false},"author":1,"featured_media":0,"parent":0,"menu_order":0,"comment_status":"closed","ping_status":"closed","template":"","meta":{"footnotes":""},"categories":[],"tags":[],"class_list":["post-11421","page","type-page","status-publish","hentry"],"_links":{"self":[{"href":"https:\/\/z-web.de\/News\/wp-json\/wp\/v2\/pages\/11421","targetHints":{"allow":["GET"]}}],"collection":[{"href":"https:\/\/z-web.de\/News\/wp-json\/wp\/v2\/pages"}],"about":[{"href":"https:\/\/z-web.de\/News\/wp-json\/wp\/v2\/types\/page"}],"author":[{"embeddable":true,"href":"https:\/\/z-web.de\/News\/wp-json\/wp\/v2\/users\/1"}],"replies":[{"embeddable":true,"href":"https:\/\/z-web.de\/News\/wp-json\/wp\/v2\/comments?post=11421"}],"version-history":[{"count":10,"href":"https:\/\/z-web.de\/News\/wp-json\/wp\/v2\/pages\/11421\/revisions"}],"predecessor-version":[{"id":11461,"href":"https:\/\/z-web.de\/News\/wp-json\/wp\/v2\/pages\/11421\/revisions\/11461"}],"wp:attachment":[{"href":"https:\/\/z-web.de\/News\/wp-json\/wp\/v2\/media?parent=11421"}],"wp:term":[{"taxonomy":"category","embeddable":true,"href":"https:\/\/z-web.de\/News\/wp-json\/wp\/v2\/categories?post=11421"},{"taxonomy":"post_tag","embeddable":true,"href":"https:\/\/z-web.de\/News\/wp-json\/wp\/v2\/tags?post=11421"}],"curies":[{"name":"wp","href":"https:\/\/api.w.org\/{rel}","templated":true}]}}