{"id":96,"date":"2014-11-10T16:41:14","date_gmt":"2014-11-10T15:41:14","guid":{"rendered":"http:\/\/z-web.de\/News\/?page_id=96"},"modified":"2023-12-11T10:13:27","modified_gmt":"2023-12-11T09:13:27","slug":"impressum","status":"publish","type":"page","link":"https:\/\/z-web.de\/News\/impressum\/","title":{"rendered":"Impressum"},"content":{"rendered":"<p><b>z-web.de<\/b><br \/>\nPrivate Webseite.<br \/>\nG\u00fcnter Ziemann<br \/>\nM\u00f6wenweg 12<br \/>\n26409 Carolinensiel<br \/>\ninfo[at]z-web.de<\/p>\n<p>Rechtlicher Hinweis<br \/>\nDie private oder gewerbliche Verwendung von Inhalten jeglicher Art bedarf der vorherigen Zustimmung von <b>z-web.de<\/b>.<\/p>\n<p>Die Inhalte unserer Internetseiten werden sorgf\u00e4ltig gepr\u00fcft. Eine Garantie f\u00fcr die Vollst\u00e4ndigkeit, Richtigkeit und letzte Aktualit\u00e4t kann jedoch nicht \u00fcbernommen werden.<\/p>\n<p><b>z-web.de<\/b> ist f\u00fcr den Inhalt von Websites, auf die von unseren Seiten verlinkt wird, nicht verantwortlich. Der Verweis mittels Hyperlink stellt auch keine Empfehlung dieser Websites oder der sie betreibenden Unternehmen oder ihrer Produkte durch uns dar.<\/p>\n<p>Haftungsanspr\u00fcche, die durch die Nutzung unseres Internetangebotes verursacht werden, sind ausgeschlossen. Des weiteren beh\u00e4lt sich <b>z-web.de<\/b> das Recht vor, \u00c4nderungen oder Erg\u00e4nzungen der bereitgestellten Informationen vorzunehmen.<\/p>\n","protected":false},"excerpt":{"rendered":"<p>z-web.de Private Webseite. G\u00fcnter Ziemann M\u00f6wenweg 12 26409 Carolinensiel info[at]z-web.de Rechtlicher Hinweis Die private oder gewerbliche Verwendung von Inhalten jeglicher Art bedarf der vorherigen Zustimmung von z-web.de. Die Inhalte unserer Internetseiten werden sorgf\u00e4ltig gepr\u00fcft. Eine Garantie f\u00fcr die Vollst\u00e4ndigkeit, Richtigkeit und letzte Aktualit\u00e4t kann jedoch nicht \u00fcbernommen werden. z-web.de ist f\u00fcr den Inhalt von Websites, auf die von unseren Seiten verlinkt wird, nicht verantwortlich. Der Verweis mittels Hyperlink stellt auch...<\/p>\n","protected":false},"author":1,"featured_media":0,"parent":0,"menu_order":0,"comment_status":"closed","ping_status":"closed","template":"","meta":{"footnotes":""},"categories":[],"tags":[],"class_list":["post-96","page","type-page","status-publish","hentry"],"_links":{"self":[{"href":"https:\/\/z-web.de\/News\/wp-json\/wp\/v2\/pages\/96","targetHints":{"allow":["GET"]}}],"collection":[{"href":"https:\/\/z-web.de\/News\/wp-json\/wp\/v2\/pages"}],"about":[{"href":"https:\/\/z-web.de\/News\/wp-json\/wp\/v2\/types\/page"}],"author":[{"embeddable":true,"href":"https:\/\/z-web.de\/News\/wp-json\/wp\/v2\/users\/1"}],"replies":[{"embeddable":true,"href":"https:\/\/z-web.de\/News\/wp-json\/wp\/v2\/comments?post=96"}],"version-history":[{"count":6,"href":"https:\/\/z-web.de\/News\/wp-json\/wp\/v2\/pages\/96\/revisions"}],"predecessor-version":[{"id":11497,"href":"https:\/\/z-web.de\/News\/wp-json\/wp\/v2\/pages\/96\/revisions\/11497"}],"wp:attachment":[{"href":"https:\/\/z-web.de\/News\/wp-json\/wp\/v2\/media?parent=96"}],"wp:term":[{"taxonomy":"category","embeddable":true,"href":"https:\/\/z-web.de\/News\/wp-json\/wp\/v2\/categories?post=96"},{"taxonomy":"post_tag","embeddable":true,"href":"https:\/\/z-web.de\/News\/wp-json\/wp\/v2\/tags?post=96"}],"curies":[{"name":"wp","href":"https:\/\/api.w.org\/{rel}","templated":true}]}}